{"id":41,"date":"2017-03-08T16:28:58","date_gmt":"2017-03-08T15:28:58","guid":{"rendered":"https:\/\/icde2018.aau.dk\/?page_id=41"},"modified":"2017-11-30T15:23:13","modified_gmt":"2017-11-30T14:23:13","slug":"icde-pc","status":"publish","type":"page","link":"https:\/\/icde2018.aau.dk\/index.php\/welcome\/icde-pc\/","title":{"rendered":"ICDE PC"},"content":{"rendered":"<h2>ICDE2018 Vicechairs<\/h2>\n<table id=\"vicechairs\">\n<tbody>\n<tr>\n<td>AI interaction with DB technology<\/td>\n<td>Tiziana Catarci, Sapienza University of Rome, Italy<\/td>\n<\/tr>\n<tr>\n<td>Big Data and Data-Warehousing System Architectures<\/td>\n<td>Amr El Abbadi, UC Santa Barbara<\/td>\n<\/tr>\n<tr>\n<td>Crowdsourcing<\/td>\n<td>Meihui Zhang, Singapore University Of Technology And Design<\/td>\n<\/tr>\n<tr>\n<td>Benchmarking, Performance Modeling, and Tuning<\/td>\n<td>Tirthankar Lahiri, Oracle<\/td>\n<\/tr>\n<tr>\n<td>Cloud Computing and Database-as-a-Service<\/td>\n<td>Eric Lo, Hongkong Chinese University<\/td>\n<\/tr>\n<tr>\n<td>Database Privacy, Security, and Trust<\/td>\n<td>Adam Lee, University Of Pittsburgh, Usa<\/td>\n<\/tr>\n<tr>\n<td>Data Science<\/td>\n<td>Timos Sellis, Swinburne University of Technology, Australia<\/td>\n<\/tr>\n<tr>\n<td>Data Integration, Metadata Management, and Interoperability<\/td>\n<td>Yannis Velegrakis, University Of Trento<\/td>\n<\/tr>\n<tr>\n<td>Data Models, Semantics, Query languages<\/td>\n<td>Rachel Pottinger, University Of British Columbia<\/td>\n<\/tr>\n<tr>\n<td>Data Mining and Knowledge Discovery<\/td>\n<td>Evimaria Terzi, Boston University<\/td>\n<\/tr>\n<tr>\n<td>Data Provenance, Workflows, Scientific Data Management<\/td>\n<td>H.V. Jagadish, University Of Michigan<\/td>\n<\/tr>\n<tr>\n<td>Data Stream Systems and Sensor Networks<\/td>\n<td>Jonathan Goldstein, Microsoft Research<\/td>\n<\/tr>\n<tr>\n<td>Data Visualization and Interactive Data Exploration<\/td>\n<td>Mohamed Sharaf, University Of Queensland<\/td>\n<\/tr>\n<tr>\n<td>Distributed, Parallel and P2P Data Management<\/td>\n<td>Ashraf Aboulnaga, QCRI<\/td>\n<\/tr>\n<tr>\n<td>High Performance Transaction Management<\/td>\n<td>Spyros Blanas, Ohio State University<\/td>\n<\/tr>\n<tr>\n<td>Information Extraction and Data Cleaning and Curation<\/td>\n<td>Angela Bonifati from University of Lille, France<\/td>\n<\/tr>\n<tr>\n<td>Modern Hardware and In-Memory Database Systems<\/td>\n<td>Shimin Chen, Chinese Academy Of Sciences<\/td>\n<\/tr>\n<tr>\n<td>Query Processing, Indexing, and Optimization<\/td>\n<td>Bin Cui, Peking University<\/td>\n<\/tr>\n<tr>\n<td>Scalable Analytics, Graph, RDF and Web Data, Social Networks<\/td>\n<td>Evaggelia Pitoura, University Of Ioannina, Greece<\/td>\n<\/tr>\n<tr>\n<td>Strings, Texts, and Keyword Search<\/td>\n<td>Gao Cong, Nanyang Technological University<\/td>\n<\/tr>\n<tr>\n<td>Temporal, Spatial, Mobile, and Multimedia Data<\/td>\n<td>Demetris Zeinalipour-Yatzi, University of Cyprus<\/td>\n<\/tr>\n<tr>\n<td>Uncertain, Probabilistic and Approximate Databases<\/td>\n<td>Christian S. Jensen, Aalborg University<\/td>\n<\/tr>\n<\/tbody>\n<\/table>\n<h2>Program Committee<\/h2>\n<table id=\"researchpc\">\n<tbody>\n<tr>\n<td>Karl Aberer<\/td>\n<td>\u00c9cole Polytechnique F\u00e9d\u00e9rale de Lausanne, Switzerland<\/td>\n<\/tr>\n<tr>\n<td>Nipun Agarwal<\/td>\n<td>Oracle Labs, USA<\/td>\n<\/tr>\n<tr>\n<td>Divy Agrawal<\/td>\n<td>University of California, Santa Barbara, USA<\/td>\n<\/tr>\n<tr>\n<td>Anastasia Ailamaki<\/td>\n<td>\u00c9cole Polytechnique F\u00e9d\u00e9rale de Lausanne, Switzerland<\/td>\n<\/tr>\n<tr>\n<td>Periklis Andritsos<\/td>\n<td>University of Toronto, Canada<\/td>\n<\/tr>\n<tr>\n<td>Manos Athanassoulis<\/td>\n<td>Harvard SEAS, USA<\/td>\n<\/tr>\n<tr>\n<td>Zhifeng Bao<\/td>\n<td>RMIT University, Australia<\/td>\n<\/tr>\n<tr>\n<td>Klaus Berberich<\/td>\n<td>Max Plank Institute for Informatics, Germany<\/td>\n<\/tr>\n<tr>\n<td>Sonia Bergamaschi<\/td>\n<td>Universit\u00e0 di Modena e Reggio Emilia, Italy<\/td>\n<\/tr>\n<tr>\n<td>Laure Berti<\/td>\n<td>Aix-Marseille University, France<\/td>\n<\/tr>\n<tr>\n<td>Elisa Bertino<\/td>\n<td>Purdue University, USA<\/td>\n<\/tr>\n<tr>\n<td>Arnab Bhattacharya<\/td>\n<td>Indian Institute of Technology Kanpur, India<\/td>\n<\/tr>\n<tr>\n<td>Sourav S Bhowmick<\/td>\n<td>Nanyang Technological University, Singapore<\/td>\n<\/tr>\n<tr>\n<td>Francesco Bonchi<\/td>\n<td>ISI Foundation, Turin, Italy<\/td>\n<\/tr>\n<tr>\n<td>Rajesh Bordawekar<\/td>\n<td>IBM T. J. Watson Research Center, USA<\/td>\n<\/tr>\n<tr>\n<td>Yingyi Bu<\/td>\n<td>Couchbase, Inc., USA<\/td>\n<\/tr>\n<tr>\n<td>Lei Cao<\/td>\n<td>Massachusetts Institute of Technology, USA<\/td>\n<\/tr>\n<tr>\n<td>Zhao Cao<\/td>\n<td>Beijing Institute of Technology, China<\/td>\n<\/tr>\n<tr>\n<td>Xin Cao<\/td>\n<td>University of New South Wales, Australia<\/td>\n<\/tr>\n<tr>\n<td>Adriane Chapman<\/td>\n<td>University of Southampton, UK<\/td>\n<\/tr>\n<tr>\n<td>Surajit Chaudhuri<\/td>\n<td>Microsoft Research, USA<\/td>\n<\/tr>\n<tr>\n<td>Muhammad Aamir Cheema<\/td>\n<td>Monash University, Australia<\/td>\n<\/tr>\n<tr>\n<td>Lisi Chen<\/td>\n<td>Hong Kong Baptist University, Hong Kong<\/td>\n<\/tr>\n<tr>\n<td>Qun Chen<\/td>\n<td>Northwestern Polytechnical University, China<\/td>\n<\/tr>\n<tr>\n<td>Lei Chen<\/td>\n<td>Hong Kong University of Science and Technology, Hong Kong<\/td>\n<\/tr>\n<tr>\n<td>James Cheng<\/td>\n<td>The Chinese University of Hong Kong, Hong Kong<\/td>\n<\/tr>\n<tr>\n<td>Byron Choi<\/td>\n<td>Hong Kong Baptist University, Hong Kong<\/td>\n<\/tr>\n<tr>\n<td>Vassilis Christophides<\/td>\n<td>University of Crete, Greece &amp; Inria Paris, France<\/td>\n<\/tr>\n<tr>\n<td>Philippe Cudre-Mauroux<\/td>\n<td>University of Fribourg, Switzerland<\/td>\n<\/tr>\n<tr>\n<td>Khuzaima Daudjee<\/td>\n<td>University of Waterloo<\/td>\n<\/tr>\n<tr>\n<td>Antonios Deligiannakis<\/td>\n<td>Technical University of Crete, Greece<\/td>\n<\/tr>\n<tr>\n<td>Alex Delis<\/td>\n<td>University of Athens, Greece<\/td>\n<\/tr>\n<tr>\n<td>Alin Deutsch<\/td>\n<td>University of California-San Diego, USA<\/td>\n<\/tr>\n<tr>\n<td>Xiaoyong Du<\/td>\n<td>Renmin University of China<\/td>\n<\/tr>\n<tr>\n<td>Ahmed Eldawy<\/td>\n<td>University of California, Riverside, USA<\/td>\n<\/tr>\n<tr>\n<td>Mohamed Eltabakh<\/td>\n<td>Worcester Polytechnic Institute, USA<\/td>\n<\/tr>\n<tr>\n<td>Alvaro Fernandes<\/td>\n<td>The University of Manchester, UK<\/td>\n<\/tr>\n<tr>\n<td>Peter Fischer<\/td>\n<td>University of Freiburg, Germany<\/td>\n<\/tr>\n<tr>\n<td>George Fletcher<\/td>\n<td>TU Eindhoven, Netherlands<\/td>\n<\/tr>\n<tr>\n<td>Irini Foundoulaki<\/td>\n<td>ICS FORTH, Greece<\/td>\n<\/tr>\n<tr>\n<td>Marco Gaboardi<\/td>\n<td>University at Buffalo, USA<\/td>\n<\/tr>\n<tr>\n<td>Esther Galbrun<\/td>\n<td>INRIA, France<\/td>\n<\/tr>\n<tr>\n<td>Jun Gao<\/td>\n<td>Peking University, China<\/td>\n<\/tr>\n<tr>\n<td>Jinyang Gao<\/td>\n<td>National University of Singapore<\/td>\n<\/tr>\n<tr>\n<td>Yunjun Gao<\/td>\n<td>Zhejiang University, China<\/td>\n<\/tr>\n<tr>\n<td>Minos Garofalakis<\/td>\n<td>Technical University of Crete, Greece<\/td>\n<\/tr>\n<tr>\n<td>Wolfgang Gatterbauer<\/td>\n<td>Carnegie Mellon University<\/td>\n<\/tr>\n<tr>\n<td>Dimitrios Georgakopoulos<\/td>\n<td>Swinsburne University of Technology, Australia<\/td>\n<\/tr>\n<tr>\n<td>Michael Gertz<\/td>\n<td>Heidelberg University, Germany<\/td>\n<\/tr>\n<tr>\n<td>Boris Glavic<\/td>\n<td>Illinois Institute of Technology, USA<\/td>\n<\/tr>\n<tr>\n<td>Behzad Golshan<\/td>\n<td>Recruit Institute of Technology, USA<\/td>\n<\/tr>\n<tr>\n<td>Weiwei Gong<\/td>\n<td>Oracle America, USA<\/td>\n<\/tr>\n<tr>\n<td>Paolo Guagliardo<\/td>\n<td>University of Edinburgh, UK<\/td>\n<\/tr>\n<tr>\n<td>Francesco Guerra<\/td>\n<td>University of Modena e Reggio Emilia, Italy<\/td>\n<\/tr>\n<tr>\n<td>Shenoda Guirguis<\/td>\n<td>Oracle America (Oracle Labs), USA<\/td>\n<\/tr>\n<tr>\n<td>Shenoda Guirguis<\/td>\n<td>LinkedIn Inc., USA<\/td>\n<\/tr>\n<tr>\n<td>Krishna Gummadi<\/td>\n<td>Max Plank Institute for Software Systems, Germany<\/td>\n<\/tr>\n<tr>\n<td>Heli Helskyaho<\/td>\n<td>Miracle Technologies, Finland<\/td>\n<\/tr>\n<tr>\n<td>Herodotos Herodotou<\/td>\n<td>Cyprus University of Technology<\/td>\n<\/tr>\n<tr>\n<td>Allison Holloway<\/td>\n<td>Oracle Inc., USA<\/td>\n<\/tr>\n<tr>\n<td>Bill Howe<\/td>\n<td>University of Washington, USA<\/td>\n<\/tr>\n<tr>\n<td>Vagelis Hristidis<\/td>\n<td>University of California, Riverside, USA<\/td>\n<\/tr>\n<tr>\n<td>Meichun Hsu<\/td>\n<td>Oracle America, USA<\/td>\n<\/tr>\n<tr>\n<td>Zhenjiang Hu<\/td>\n<td>National Institute of Informatics (NII), Japan<\/td>\n<\/tr>\n<tr>\n<td>Sam Idicula<\/td>\n<td>Oracle America (Oracle Labs), USA<\/td>\n<\/tr>\n<tr>\n<td>Ioana Ileana<\/td>\n<td>Paris Descartes University, France<\/td>\n<\/tr>\n<tr>\n<td>Yoshiharu Ishikawa<\/td>\n<td>Nagoya University, Japan<\/td>\n<\/tr>\n<tr>\n<td>Chris Jermaine<\/td>\n<td>Rice University, USA<\/td>\n<\/tr>\n<tr>\n<td>Panos Kalnis<\/td>\n<td>King Abdullah University of Science and Technology, Saudi Arabia<\/td>\n<\/tr>\n<tr>\n<td>Vana Kalogeraki<\/td>\n<td>Athens University of Economics and Business, Greece<\/td>\n<\/tr>\n<tr>\n<td>Murat Kantarcioglu<\/td>\n<td>University of Texas at Dallas, USA<\/td>\n<\/tr>\n<tr>\n<td>Zoi Kaoudi<\/td>\n<td>Qatar Computing Research Institute, Qatar<\/td>\n<\/tr>\n<tr>\n<td>Asterios Katsifodimos<\/td>\n<td>TU Berlin, Germany<\/td>\n<\/tr>\n<tr>\n<td>Tasos Kementsietsidis<\/td>\n<td>Google Inc., USA<\/td>\n<\/tr>\n<tr>\n<td>Alfons Kemper<\/td>\n<td>TU Munich, Germany<\/td>\n<\/tr>\n<tr>\n<td>Florian Kerschbaum<\/td>\n<td>University of Waterloo, Canada<\/td>\n<\/tr>\n<tr>\n<td>Dan Kifer<\/td>\n<td>Pennsylvania State University, USA<\/td>\n<\/tr>\n<tr>\n<td>Birgitta K\u00f6nig-Ries<\/td>\n<td>Friedrich-Schiller-Universit\u00e4t Jena, Germany<\/td>\n<\/tr>\n<tr>\n<td>Nick Koudas<\/td>\n<td>University of Toronto, Canada<\/td>\n<\/tr>\n<tr>\n<td>Vasudha Krishnaswamy<\/td>\n<td>Oracle Labs, USA<\/td>\n<\/tr>\n<tr>\n<td>Jae-Gil Lee<\/td>\n<td>KAIST, South Korea<\/td>\n<\/tr>\n<tr>\n<td>Wang-Chien Lee<\/td>\n<td>Pennsylvania State University, USA<\/td>\n<\/tr>\n<tr>\n<td>Viktor Leis<\/td>\n<td>Technical University of Munich, Germany<\/td>\n<\/tr>\n<tr>\n<td>Hong Va Leong<\/td>\n<td>The Hong Kong Polytechnic University, Hong Kong<\/td>\n<\/tr>\n<tr>\n<td>Justin Levandoski<\/td>\n<td>Microsoft Research, USA<\/td>\n<\/tr>\n<tr>\n<td>Guoliang Li<\/td>\n<td>Tsinghua University, China<\/td>\n<\/tr>\n<tr>\n<td>Xuemin Lin<\/td>\n<td>University of New South Wales, Australia<\/td>\n<\/tr>\n<tr>\n<td>Ling Liu<\/td>\n<td>Georgia Institute of Technology, USA<\/td>\n<\/tr>\n<tr>\n<td>Alex X. Liu<\/td>\n<td>Michigan State University, USA<\/td>\n<\/tr>\n<tr>\n<td>Xuan Liu<\/td>\n<td>Baidu Inc., China<\/td>\n<\/tr>\n<tr>\n<td>Hua Lu<\/td>\n<td>Aalborg University, Denmark<\/td>\n<\/tr>\n<tr>\n<td>Qiong Luo<\/td>\n<td>Hong Kong University of Science and Technology, Hong Kong<\/td>\n<\/tr>\n<tr>\n<td>Shuai Ma<\/td>\n<td>Beihang University, China<\/td>\n<\/tr>\n<tr>\n<td>Ashwin Machanavajjhala<\/td>\n<td>Duke University, USA<\/td>\n<\/tr>\n<tr>\n<td>Samuel Madden<\/td>\n<td>Massachusetts Institute of Technology, USA<\/td>\n<\/tr>\n<tr>\n<td>Nikos Mamoulis<\/td>\n<td>University of Ioannina, Greece<\/td>\n<\/tr>\n<tr>\n<td>Rui Mao<\/td>\n<td>Shenzhen University, China<\/td>\n<\/tr>\n<tr>\n<td>Michalis Mathioudakis<\/td>\n<td>Aalto University, Finland<\/td>\n<\/tr>\n<tr>\n<td>Marta Mattoso<\/td>\n<td>COPPE- Federal University Rio de Janeiro, Brazil<\/td>\n<\/tr>\n<tr>\n<td>Charalampos Mavroforakis<\/td>\n<td>Boston University, USA<\/td>\n<\/tr>\n<tr>\n<td>Paolo Merialdo<\/td>\n<td>Universit\u00e0 degli Studi Roma Tre, Italy<\/td>\n<\/tr>\n<tr>\n<td>Bernhard Mitschang<\/td>\n<td>University of Stuttgart, Germany<\/td>\n<\/tr>\n<tr>\n<td>Yang-Sae Moon<\/td>\n<td>Kangwon National University, South Korea<\/td>\n<\/tr>\n<tr>\n<td>Davide Mottin<\/td>\n<td>Hasso-Plattner Institute, Germany<\/td>\n<\/tr>\n<tr>\n<td>Emmanuel Muller<\/td>\n<td>Hasso-Plattner Institute, Germany<\/td>\n<\/tr>\n<tr>\n<td>Mario Nascimento<\/td>\n<td>University of Alberta, Canada<\/td>\n<\/tr>\n<tr>\n<td>Raymong Ng<\/td>\n<td>University of British Columbia<\/td>\n<\/tr>\n<tr>\n<td>Kjetil N\u00f8rv\u00e5g<\/td>\n<td>Norwegian University of Science and Technology, Norway<\/td>\n<\/tr>\n<tr>\n<td>Werner Nutt<\/td>\n<td>University of Bolzano, Italy<\/td>\n<\/tr>\n<tr>\n<td>Esther Pacitti<\/td>\n<td>U Montpelier (LIRMM), France<\/td>\n<\/tr>\n<tr>\n<td>Olga Papaemmanouil<\/td>\n<td>Brandeis University, USA<\/td>\n<\/tr>\n<tr>\n<td>Paolo Papotti<\/td>\n<td>EURECOM, France<\/td>\n<\/tr>\n<tr>\n<td>Abdul Quamar<\/td>\n<td>IBM Research Almaden, USA<\/td>\n<\/tr>\n<tr>\n<td>Jignesh Patel<\/td>\n<td>University of Wisconsin\u2013Madison<\/td>\n<\/tr>\n<tr>\n<td>Torben Pedersen<\/td>\n<td>Aalborg University, Denmark<\/td>\n<\/tr>\n<tr>\n<td>Konstantinos Pelechrinis<\/td>\n<td>University of Pittsburgh, USA<\/td>\n<\/tr>\n<tr>\n<td>Antonella Poggi<\/td>\n<td>Sapienza University of Rome, Italy<\/td>\n<\/tr>\n<tr>\n<td>Giuseppe Polese<\/td>\n<td>University of Salerno, Italy<\/td>\n<\/tr>\n<tr>\n<td>Danica Porobic<\/td>\n<td>Oracle Inc., USA<\/td>\n<\/tr>\n<tr>\n<td>Jorge-Arnulfo Quiane-Ruiz<\/td>\n<td>Qatar Computing Research Institute, Qatar<\/td>\n<\/tr>\n<tr>\n<td>Krithi Ramamritham<\/td>\n<td>IIT Bombay, India<\/td>\n<\/tr>\n<tr>\n<td>Sayan Ranu<\/td>\n<td>IIT Delhi, India<\/td>\n<\/tr>\n<tr>\n<td>Theodoros Rekatsinas<\/td>\n<td>University of Wisconsin, USA<\/td>\n<\/tr>\n<tr>\n<td>Matthias Renz<\/td>\n<td>George Mason University, USA<\/td>\n<\/tr>\n<tr>\n<td>Juan Reutter<\/td>\n<td>Pontificia Universidad Cat\u00f3lica de Chile<\/td>\n<\/tr>\n<tr>\n<td>Mirek Riedewald<\/td>\n<td>Northeastern University, USA<\/td>\n<\/tr>\n<tr>\n<td>Matteo Riondatto<\/td>\n<td>Two Sigma, USA<\/td>\n<\/tr>\n<tr>\n<td>Mohammad Sadoghi<\/td>\n<td>University of California, Davis, USA<\/td>\n<\/tr>\n<tr>\n<td>Ken Salem<\/td>\n<td>Univeristy of Waterloo, Canada<\/td>\n<\/tr>\n<tr>\n<td>Semih Salihoglu<\/td>\n<td>University of Waterloo, Canada<\/td>\n<\/tr>\n<tr>\n<td>Pierangela Samarati<\/td>\n<td>Universita delgi Studi di Milano, Italy<\/td>\n<\/tr>\n<tr>\n<td>Prasenjit Sarkar<\/td>\n<td>Datos.io, USA<\/td>\n<\/tr>\n<tr>\n<td>Thibault Sellam<\/td>\n<td>Columbia University, USA<\/td>\n<\/tr>\n<tr>\n<td>Marco Serafini<\/td>\n<td>Qatar Computing Research Institute, Qatar<\/td>\n<\/tr>\n<tr>\n<td>J. Shane Culpepper<\/td>\n<td>RMIT University, Australia<\/td>\n<\/tr>\n<tr>\n<td>Shuo Shang<\/td>\n<td>King Abdullah University of Science and Technology, Saudi Arabia<\/td>\n<\/tr>\n<tr>\n<td>Yanyan Shen<\/td>\n<td>Shanghai Jiao Tong University, China<\/td>\n<\/tr>\n<tr>\n<td>Hengtao Shen<\/td>\n<td>University of Electronic Science and Technology of China (UESTC)<\/td>\n<\/tr>\n<tr>\n<td>Anna Squicciarini<\/td>\n<td>The Pennsylvania State University, USA<\/td>\n<\/tr>\n<tr>\n<td>Kostas Stefanidis<\/td>\n<td>University of Tampere, Finland<\/td>\n<\/tr>\n<tr>\n<td>Ryan Stutsman<\/td>\n<td>University of Utah, USA<\/td>\n<\/tr>\n<tr>\n<td>Letizia Tanca<\/td>\n<td>Politecnico di Milano, Italy<\/td>\n<\/tr>\n<tr>\n<td>Nan Tang<\/td>\n<td>Qatar Computing Research Institute, Qatar<\/td>\n<\/tr>\n<tr>\n<td>Dina Thomas<\/td>\n<td>Pure Storage, USA<\/td>\n<\/tr>\n<tr>\n<td>Yongxin Tong<\/td>\n<td>Beihang University, China<\/td>\n<\/tr>\n<tr>\n<td>Goce Trajcevski<\/td>\n<td>Northwestern University, USA<\/td>\n<\/tr>\n<tr>\n<td>Peter Triantafillou<\/td>\n<td>University of Warwick, UK<\/td>\n<\/tr>\n<tr>\n<td>Panayiotis Tsaparas<\/td>\n<td>University of Ioannina, Greece<\/td>\n<\/tr>\n<tr>\n<td>Vassilis Tsotras<\/td>\n<td>University of California, Riverside, USA<\/td>\n<\/tr>\n<tr>\n<td>Dimitrios Tsoumakos<\/td>\n<td>Ionian University, Greece<\/td>\n<\/tr>\n<tr>\n<td>Anthony Tung<\/td>\n<td>National University of Singapore<\/td>\n<\/tr>\n<tr>\n<td>Antti Ukkonen<\/td>\n<td>University of Helsinki, Finland<\/td>\n<\/tr>\n<tr>\n<td>Stijn Vansummeren<\/td>\n<td>Universit\u00e9 Libre de Bruxelles, Belgium<\/td>\n<\/tr>\n<tr>\n<td>Nalini Venkatasubramanian<\/td>\n<td>University of California, Irvine, USA<\/td>\n<\/tr>\n<tr>\n<td>Stratis Viglas<\/td>\n<td>University of Edinburgh, UK<\/td>\n<\/tr>\n<tr>\n<td>Sheng Wang<\/td>\n<td>National University of Singapore<\/td>\n<\/tr>\n<tr>\n<td>Wei Wang<\/td>\n<td>University of New South Wales, Australia<\/td>\n<\/tr>\n<tr>\n<td>Wei Wang<\/td>\n<td>National University of Singapore<\/td>\n<\/tr>\n<tr>\n<td>Limsoon Wong<\/td>\n<td>National University of Singapore<\/td>\n<\/tr>\n<tr>\n<td>Akrivi Vlachou<\/td>\n<td>University of Piraeus, Greece<\/td>\n<\/tr>\n<tr>\n<td>Eugene Wu<\/td>\n<td>Columbia University, USA<\/td>\n<\/tr>\n<tr>\n<td>Sai Wu<\/td>\n<td>Zhejiang University, China<\/td>\n<\/tr>\n<tr>\n<td>Li Xiong<\/td>\n<td>Emory University, USA<\/td>\n<\/tr>\n<tr>\n<td>Jianliang Xu<\/td>\n<td>Hong Kong Baptist University, Hong Kong<\/td>\n<\/tr>\n<tr>\n<td>Jeffrey Xu Yu<\/td>\n<td>The Chinese University of Hong Kong, Hong Kong<\/td>\n<\/tr>\n<tr>\n<td>Xiaochun Yang<\/td>\n<td>Northeastearn University, China<\/td>\n<\/tr>\n<tr>\n<td>Xiaoyan Yang<\/td>\n<td>University of Illinois at Urbana-Champaign, USA<\/td>\n<\/tr>\n<tr>\n<td>Bin Yang<\/td>\n<td>Aalborg University, Denmark<\/td>\n<\/tr>\n<tr>\n<td>Junjie Yao<\/td>\n<td>East China Normal University, China<\/td>\n<\/tr>\n<tr>\n<td>Hongzhi Yin<\/td>\n<td>The University of Queensland, Australia<\/td>\n<\/tr>\n<tr>\n<td>Ting Yu<\/td>\n<td>Qatar Computing Research Institute, Qatar<\/td>\n<\/tr>\n<tr>\n<td>Quan Yuan<\/td>\n<td>University of Illinois at Urbana-Champaign, USA<\/td>\n<\/tr>\n<tr>\n<td>Ye Yuan<\/td>\n<td>Northeastern University, China<\/td>\n<\/tr>\n<tr>\n<td>Vladimir Zadorozny<\/td>\n<td>University of Pittsburgh, USA<\/td>\n<\/tr>\n<tr>\n<td>Arkady Zaslavsky<\/td>\n<td>Commonwealth Scientific and Industrial Research Organisation (CSIRO), Australia<\/td>\n<\/tr>\n<tr>\n<td>Nan Zhang<\/td>\n<td>Penn State University, USA<\/td>\n<\/tr>\n<tr>\n<td>Ce Zhang<\/td>\n<td>ETH Z\u00fcrich, Switzerland<\/td>\n<\/tr>\n<tr>\n<td>Dongxiang Zhang<\/td>\n<td>University of Electronic Science and Technology of China<\/td>\n<\/tr>\n<tr>\n<td>Rui Zhang<\/td>\n<td>University of Melbourne, Australia<\/td>\n<\/tr>\n<tr>\n<td>Kai Zheng<\/td>\n<td>University of Electronic Science and Technology of China<\/td>\n<\/tr>\n<tr>\n<td>Xiaofang Zhou<\/td>\n<td>University of Queensland, Australia<\/td>\n<\/tr>\n<tr>\n<td>Andreas Z\u00fcfle<\/td>\n<td>George Mason University, USA<\/td>\n<\/tr>\n<\/tbody>\n<\/table>\n","protected":false},"excerpt":{"rendered":"<p>ICDE2018 Vicechairs AI interaction with DB technology Tiziana Catarci, Sapienza University of Rome, Italy Big Data and Data-Warehousing System Architectures Amr El Abbadi, UC Santa Barbara Crowdsourcing Meihui Zhang, Singapore University Of Technology And Design Benchmarking, Performance Modeling, and Tuning Tirthankar Lahiri, Oracle Cloud Computing and Database-as-a-Service Eric Lo, Hongkong Chinese University Database Privacy, Security, &hellip; <a href=\"https:\/\/icde2018.aau.dk\/index.php\/welcome\/icde-pc\/\" class=\"more-link\">Continue reading<span class=\"screen-reader-text\"> &#8220;ICDE PC&#8221;<\/span><\/a><\/p>\n","protected":false},"author":4,"featured_media":0,"parent":30,"menu_order":3,"comment_status":"closed","ping_status":"closed","template":"","meta":{"footnotes":""},"class_list":["post-41","page","type-page","status-publish","hentry"],"_links":{"self":[{"href":"https:\/\/icde2018.aau.dk\/index.php\/wp-json\/wp\/v2\/pages\/41","targetHints":{"allow":["GET"]}}],"collection":[{"href":"https:\/\/icde2018.aau.dk\/index.php\/wp-json\/wp\/v2\/pages"}],"about":[{"href":"https:\/\/icde2018.aau.dk\/index.php\/wp-json\/wp\/v2\/types\/page"}],"author":[{"embeddable":true,"href":"https:\/\/icde2018.aau.dk\/index.php\/wp-json\/wp\/v2\/users\/4"}],"replies":[{"embeddable":true,"href":"https:\/\/icde2018.aau.dk\/index.php\/wp-json\/wp\/v2\/comments?post=41"}],"version-history":[{"count":53,"href":"https:\/\/icde2018.aau.dk\/index.php\/wp-json\/wp\/v2\/pages\/41\/revisions"}],"predecessor-version":[{"id":928,"href":"https:\/\/icde2018.aau.dk\/index.php\/wp-json\/wp\/v2\/pages\/41\/revisions\/928"}],"up":[{"embeddable":true,"href":"https:\/\/icde2018.aau.dk\/index.php\/wp-json\/wp\/v2\/pages\/30"}],"wp:attachment":[{"href":"https:\/\/icde2018.aau.dk\/index.php\/wp-json\/wp\/v2\/media?parent=41"}],"curies":[{"name":"wp","href":"https:\/\/api.w.org\/{rel}","templated":true}]}}