{"id":326,"date":"2017-03-16T15:41:46","date_gmt":"2017-03-16T14:41:46","guid":{"rendered":"https:\/\/icde2018.aau.dk\/?page_id=326"},"modified":"2018-03-19T23:43:29","modified_gmt":"2018-03-19T22:43:29","slug":"social-events","status":"publish","type":"page","link":"https:\/\/icde2018.aau.dk\/index.php\/participating\/social-events\/","title":{"rendered":"Social Events"},"content":{"rendered":"<h2>Welcome Reception @ CNAM Museum<\/h2>\n<p><strong>Date:<\/strong> Monday, April 16<sup>th<\/sup><br \/>\n<strong>Address:<\/strong> 60 rue R\u00e9aumur, 75003 Paris<\/p>\n<p style=\"text-align: center;\"><img loading=\"lazy\" decoding=\"async\" class=\"alignnone wp-image-422 size-medium aligncenter\" style=\"display: inline;\" src=\"https:\/\/icde2018.aau.dk\/wp-content\/uploads\/2017\/03\/8419_A6-199x300.jpg\" alt=\"\" width=\"199\" height=\"300\" srcset=\"https:\/\/icde2018.aau.dk\/wp-content\/uploads\/2017\/03\/8419_A6-199x300.jpg 199w, https:\/\/icde2018.aau.dk\/wp-content\/uploads\/2017\/03\/8419_A6-768x1155.jpg 768w, https:\/\/icde2018.aau.dk\/wp-content\/uploads\/2017\/03\/8419_A6-681x1024.jpg 681w, https:\/\/icde2018.aau.dk\/wp-content\/uploads\/2017\/03\/8419_A6.jpg 1178w\" sizes=\"auto, (max-width: 199px) 85vw, 199px\" \/> <img loading=\"lazy\" decoding=\"async\" class=\"wp-image-423 aligncenter\" style=\"margin-left: 25px; display: inline;\" src=\"https:\/\/icde2018.aau.dk\/wp-content\/uploads\/2017\/03\/10422_A6-300x198.jpg\" alt=\"\" width=\"452\" height=\"298\" srcset=\"https:\/\/icde2018.aau.dk\/wp-content\/uploads\/2017\/03\/10422_A6-300x198.jpg 300w, https:\/\/icde2018.aau.dk\/wp-content\/uploads\/2017\/03\/10422_A6-768x507.jpg 768w, https:\/\/icde2018.aau.dk\/wp-content\/uploads\/2017\/03\/10422_A6-1024x676.jpg 1024w, https:\/\/icde2018.aau.dk\/wp-content\/uploads\/2017\/03\/10422_A6-1200x792.jpg 1200w, https:\/\/icde2018.aau.dk\/wp-content\/uploads\/2017\/03\/10422_A6.jpg 1772w\" sizes=\"auto, (max-width: 452px) 85vw, 452px\" \/><\/p>\n<p class=\"icdeparagraph\">Founded in 1794 by Henri Gr\u00e9goire, the Conservatoire national des arts et m\u00e9tiers, &#8220;a store of new and useful inventions&#8221;, is a museum of technological innovation. The Mus\u00e9e des arts et m\u00e9tiers was refurbished in 2000, and now exhibits over 2,400 inventions. They are split into seven collections Scientific instruments, Materials, Energy, Mechanics, Construction, Communication and Transport. From 7pm, cocktail served in the church of the CNAM Museum where are displayed the original version of the <a href=\"https:\/\/en.wikipedia.org\/wiki\/Foucault_pendulum\">Foucault pendulum<\/a>, the original model of the <a href=\"https:\/\/en.wikipedia.org\/wiki\/Statue_of_Liberty\">Statue of Liberty<\/a> by <a href=\"https:\/\/en.wikipedia.org\/wiki\/Auguste_Bartholdi\">Auguste Bartholdi<\/a>, some of the first planes (<a href=\"https:\/\/en.wikipedia.org\/wiki\/Cl%C3%A9ment_Ader\">Cl\u00e9ment Ader<\/a>&#8216;s <a href=\"https:\/\/en.wikipedia.org\/wiki\/Avion_III\">Avion III<\/a>, <a href=\"https:\/\/en.wikipedia.org\/wiki\/Louis_Bl%C3%A9riot\">Louis Bl\u00e9riot<\/a>&#8216;s <a href=\"https:\/\/en.wikipedia.org\/wiki\/Bl%C3%A9riot_XI\">Bl\u00e9riot XI<\/a>, etc), and others. English speaking guides will present the exhibited pieces.<\/p>\n<h3>Program<\/h3>\n<p><strong>17:00.<\/strong> Access to the Museum (privatized for ICDE 2018) and free visit.<br \/>\n<strong>19:00 &#8211; 21:00.<\/strong> Cocktail served in the church of the CNAM Museum.<\/p>\n<h2>ICDE conference cocktail dinner aboard The Paquebot<\/h2>\n<p><strong><img loading=\"lazy\" decoding=\"async\" class=\"alignleft size-medium wp-image-1592\" src=\"https:\/\/icde2018.org\/wp-content\/uploads\/2018\/03\/yatch2-300x208.png\" alt=\"\" width=\"300\" height=\"208\" srcset=\"https:\/\/icde2018.aau.dk\/wp-content\/uploads\/2018\/03\/yatch2-300x208.png 300w, https:\/\/icde2018.aau.dk\/wp-content\/uploads\/2018\/03\/yatch2.png 683w\" sizes=\"auto, (max-width: 300px) 85vw, 300px\" \/>Date:<\/strong> Wednesday, April 18<sup>th<\/sup><br \/>\n<strong>Address:<\/strong> Port Javel Haut, 75015 Paris<br \/>\n<strong>Access:<\/strong> Pedestrian access by the Pont Mirabeau or on the Quai Andr\u00e9 Citro\u00ebn.<br \/>\n<strong>Subway:<\/strong> Javel-Andr\u00e9 Citro\u00ebn station.<br \/>\n<strong>RER C:<\/strong> Javel<\/p>\n<h3>To get to Javel Andr\u00e9 Citro\u00ebn Station from the Cnam<\/h3>\n<p class=\"icdeparagraph\"><img loading=\"lazy\" decoding=\"async\" class=\"alignleft size-medium wp-image-1590\" src=\"https:\/\/icde2018.org\/wp-content\/uploads\/2018\/03\/yatch-300x199.png\" alt=\"\" width=\"300\" height=\"199\" srcset=\"https:\/\/icde2018.aau.dk\/wp-content\/uploads\/2018\/03\/yatch-300x199.png 300w, https:\/\/icde2018.aau.dk\/wp-content\/uploads\/2018\/03\/yatch.png 690w\" sizes=\"auto, (max-width: 300px) 85vw, 300px\" \/>At R\u00e9aumur-S\u00e9bastopol station, take line 4 (Mairie de Montrouge direction), stop at Od\u00e9on station. At Od\u00e9on station, take line 10 (Boulogne-Pont de Saint-Cloud direction), stop at Javel Andr\u00e9 Citro\u00ebn station Radio France. It takes about 30-35mns.<\/p>\n<h3>Program<\/h3>\n<p><strong>Note:<\/strong> Do not forget your invitation, which is requested at the entrance.<br \/>\n<strong>19:30 &#8211; 20:00.<\/strong> Boarding<br \/>\n<strong>20:00 &#8211; 22:30.<\/strong> Departure for a 2.5 hours cruise on the Seine, plus cocktail dinner.   <\/p>\n","protected":false},"excerpt":{"rendered":"<p>Welcome Reception @ CNAM Museum Date: Monday, April 16th Address: 60 rue R\u00e9aumur, 75003 Paris Founded in 1794 by Henri Gr\u00e9goire, the Conservatoire national des arts et m\u00e9tiers, &#8220;a store of new and useful inventions&#8221;, is a museum of technological innovation. The Mus\u00e9e des arts et m\u00e9tiers was refurbished in 2000, and now exhibits over &hellip; <a href=\"https:\/\/icde2018.aau.dk\/index.php\/participating\/social-events\/\" class=\"more-link\">Continue reading<span class=\"screen-reader-text\"> &#8220;Social Events&#8221;<\/span><\/a><\/p>\n","protected":false},"author":4,"featured_media":0,"parent":55,"menu_order":4,"comment_status":"closed","ping_status":"closed","template":"","meta":{"footnotes":""},"class_list":["post-326","page","type-page","status-publish","hentry"],"_links":{"self":[{"href":"https:\/\/icde2018.aau.dk\/index.php\/wp-json\/wp\/v2\/pages\/326","targetHints":{"allow":["GET"]}}],"collection":[{"href":"https:\/\/icde2018.aau.dk\/index.php\/wp-json\/wp\/v2\/pages"}],"about":[{"href":"https:\/\/icde2018.aau.dk\/index.php\/wp-json\/wp\/v2\/types\/page"}],"author":[{"embeddable":true,"href":"https:\/\/icde2018.aau.dk\/index.php\/wp-json\/wp\/v2\/users\/4"}],"replies":[{"embeddable":true,"href":"https:\/\/icde2018.aau.dk\/index.php\/wp-json\/wp\/v2\/comments?post=326"}],"version-history":[{"count":26,"href":"https:\/\/icde2018.aau.dk\/index.php\/wp-json\/wp\/v2\/pages\/326\/revisions"}],"predecessor-version":[{"id":1594,"href":"https:\/\/icde2018.aau.dk\/index.php\/wp-json\/wp\/v2\/pages\/326\/revisions\/1594"}],"up":[{"embeddable":true,"href":"https:\/\/icde2018.aau.dk\/index.php\/wp-json\/wp\/v2\/pages\/55"}],"wp:attachment":[{"href":"https:\/\/icde2018.aau.dk\/index.php\/wp-json\/wp\/v2\/media?parent=326"}],"curies":[{"name":"wp","href":"https:\/\/api.w.org\/{rel}","templated":true}]}}