{"id":1285,"date":"2018-02-23T11:26:17","date_gmt":"2018-02-23T10:26:17","guid":{"rendered":"https:\/\/icde2018.org\/?page_id=1285"},"modified":"2018-04-11T18:14:05","modified_gmt":"2018-04-11T17:14:05","slug":"short-papers","status":"publish","type":"page","link":"https:\/\/icde2018.aau.dk\/index.php\/short-papers\/","title":{"rendered":"Short Papers"},"content":{"rendered":"<p class=\"icdeparagraph\">These papers will be presented as posters.<\/p>\n<h6>Histogramming Privately Ever After: Differentially-Private Optimisation of Data-Dependent Error Bounds<\/h6>\n<p>Maryam Fanaeepour (Duke University)<br \/>\nBenjamin I. P. Rubinstein (University of Melbourne)<\/p>\n<h6>Interactive Visual Data Exploration with Subjective Feedback: An Information-Theoretic Approach<\/h6>\n<p>Kai Puolam\u00e4ki (Aalto University)<br \/>\nEmilia Oikarinen (Aalto University)<br \/>\nBo Kang (Ghent University)<br \/>\nJefrey Lijffijt (Ghent University)<br \/>\nTijl DeBie (Ghent University)<\/p>\n<h6>Local Tensor Completion Based on Locality Sensitive Hashing<\/h6>\n<p>Kun Xie (Hunan University)<br \/>\nYuxiang Chen (Hunan University)<br \/>\nXin Wang (Stony Brook University)<br \/>\nGaogang Xie (Chinese Academy of Sciences)<br \/>\nJigang Wen (Chinese Academy of Sciences)<br \/>\nDafang Zhang (Hunan University)<\/p>\n<h6>Scalable De Novo Genome Assembly Using Pregel<\/h6>\n<p>Da Yan (The University of Alabama at Birmingham)<br \/>\nHongzhi Chen (The Chinese University of Hong Kong)<br \/>\nJames Cheng (The Chinese University of Hong Kong)<br \/>\nZhenkun Cai (The Chinese University of Hong Kong)<br \/>\nBin Shao (Microsoft Research Asia)<\/p>\n<h6>Fast k-means based on k-NN Graph<\/h6>\n<p>Cheng-Hao Deng (Xiamen University)<br \/>\nWan-Lei Zhao (Xiamen University)<\/p>\n<h6>Reuse-Centric K-Means Configuration<\/h6>\n<p>Hui Guan (North Carolina State University)<br \/>\nYufei Ding (North Carolina State University)<br \/>\nXipeng Shen (North Carolina State University)<br \/>\nHamid Krim (North Carolina State University)<\/p>\n<h6>AssureMR: Verifiable SQL Execution on MapReduce<\/h6>\n<p>Bo Zhang (Stevens Institute of Technology)<br \/>\nBoxiang Dong (Montclair State University)<br \/>\nWendy Hui Wang (Stevens Institute of Technology)<\/p>\n<h6>Wadjet: Finding Outliers in Multiple Multi-dimensional Heterogeneous Data Streams<\/h6>\n<p>Shiblee Sadik (Amazon Web Services)<br \/>\nLe Gruenwald (The University of Oklahoma)<br \/>\nEleazar Leal (University of Minnesota Duluth)<\/p>\n<h6>Onion Curve: A Space Filling Curve with Near-Optimal Clustering<\/h6>\n<p>Pan Xu (University of Maryland, College Park)<br \/>\nCuong Nguyen (Iowa State University)<br \/>\nSrikanta Tirthapura (Iowa State University)<\/p>\n<h6>Scalable and robust set similarity join<\/h6>\n<p>Tobias Christiani (IT University of Copenhagen)<br \/>\nRasmus Pagh (IT University of Copenhagen)<br \/>\nJohan Sivertsen (IT University of Copenhagen)<\/p>\n<h6>DIFusion: Fast Skip-Scan with Zero Space Overhead<\/h6>\n<p>Wenjian XU (The Hong Kong Polytechnic University)<br \/>\nEric Lo (Chinese University of Hong Kong)<br \/>\nPengfei Zhang (Chinese University of Hong Kong)<\/p>\n<h6>Multi-campaign Oriented Spatial Crowdsourcing<\/h6>\n<p>Libin Zheng (Hong Kong University of Science and Technology)<br \/>\nLei Chen (Hong Kong University of Science and Technology)<\/p>\n<h6>Parallelizing Multiple Pipelines of One Query in a Main Memory Database Cluster<\/h6>\n<p>Zhuhe Fang (East China Normal University)<br \/>\nChuliang Weng (East China Normal University)<br \/>\nLi Wang (Advanced Digital Sciences Center)<br \/>\nAoying Zhou (East China Normal University)<\/p>\n<h6>Interactive Probabilistic Post-mining of User-preferred Spatial Co-location Patterns<\/h6>\n<p>Lizhen Wang (Yunnan University (China)<br \/>\nXuguang Bao (Yunnan University (China)<br \/>\nLongbing Cao (University of Technology Sydney)<\/p>\n<h6>Hebe: An Order-obliviousness and High-performance Execution Scheme for Conjunctive Predicates<\/h6>\n<p>Zeke Wang (ETH Zurich (Switzerland)<br \/>\nKai Zhang (Fudan University (China)<br \/>\nHaihang Zhou (National University of Singapore)<br \/>\nXue Liu (Northeastern University, China)<br \/>\nBingsheng He (National University of Singapore)<\/p>\n<h6>Distance-Based Data Mining Over Encrypted Data<\/h6>\n<p>Christine Tex (Karlsruhe Institute of Technology)<br \/>\nMartin Sch\u00e4ler (Karlsruhe Institute of Technology)<br \/>\nKlemens B\u00f6hm (Karlsruhe Institute of Technology)<\/p>\n<h6>A Sliding-Window Framework for Representative Subset Selection<\/h6>\n<p>Yanhao Wang (National University of Singapore)<br \/>\nYuchen Li (Singapore Management University)<br \/>\nKian-Lee Tan (National University of Singapore)<\/p>\n<h6>Social Event Scheduling<\/h6>\n<p>Nikos Bikakis (Athens University of Economics and Business (Greece)<br \/>\nVana Kalogeraki (Athens University of Economics and Business (Greece)<br \/>\nDimitrios Gunopulos (University of Athens (Greece)<\/p>\n<h6>Query-Centric Failure Recovery for Distributed Stream Processing Engines<\/h6>\n<p>Li Su (University of Copenhagen)<br \/>\nYongluan Zhou (University of Copenhagen)<\/p>\n<h6>A Scalable Circular Pipeline Design for Multi-Way Stream Joins in Hardware<\/h6>\n<p>Mohammadreza Najafi (Technical University of Munich)<br \/>\nMohammad Sadoghi (University of California (Davis)<br \/>\nHans-Arno Jacobsen (Technical University of Munich)<\/p>\n<h6>Consistent Snapshot Algorithms for In-Memory Database Systems: Experiments and Analysis<\/h6>\n<p>Liang Li (Northeastern University of China)<br \/>\nGuoren Wang (Northeastern University of China)<br \/>\nGang Wu (Northeastern University of China)<br \/>\nYe Yuan (Northeastern University of China)<\/p>\n<h6>Performance of OLTP via Intelligent Scheduling<\/h6>\n<p>Tieying Zhang (Alibaba)<br \/>\nAnthony Tomasic (Carnegie-Mellon University)<br \/>\nYangjun Sheng (Carnegie-Mellon University)<br \/>\nAndrew Pavlo (Carnegie-Mellon University)<\/p>\n<h6>SURGE: Continuous Detection of Bursty Regions Over a Stream of Spatial Objects<\/h6>\n<p>Kaiyu Feng (Nanyang Technological Univesity)<br \/>\nTao Guo (Nanyang Technological Univesity)<br \/>\nGao Cong (Nanyang Technological Univesity)<br \/>\nSourav S Bhowmick (Nanyang Technological University)<br \/>\nShuai Ma (Beihang University)<\/p>\n<h6>Simplifying Entity Resolution on Web Data with Schema-agnostic Non-iterative Matching<\/h6>\n<p>Vasilis Efthymiou (Foundation for Research and Technology &#8211; Hellas)<br \/>\nGeorge Papadakis (University of Athens)<br \/>\nKostas Stefanidis (University of Tampere)<br \/>\nVassilis Christophides (University of Crete, INRIA-Paris)<\/p>\n<h6>Scotty: Efficient Window Aggregation for out-of-order Stream Processing<\/h6>\n<p>Jonas Traub (Technische Universit\u00e4t Berlin)<br \/>\nPhilipp Marian Grulich (Technische Universit\u00e4t Berlin)<br \/>\nAlejandro Rodr\u00edguez Cu\u00e9llar (Technische Universit\u00e4t Berlin)<br \/>\nSebastian Bre\u00df (DFKI GmbH)<br \/>\nAsterios Katsifodimos (TU Delft)<br \/>\nTilmann Rabl (Technische Universit\u00e4t Berlin)<br \/>\nVolker Markl (Techniche Universit\u00e4t Berlin)<\/p>\n<h6>Get Your Workload in Order: Game Theoretic Prioritization of Database Auditing<\/h6>\n<p>Chao Yan (Vanderbilt University)<br \/>\nBo Li (University of California (Berkeley)<br \/>\nYevgeniy Vorobeychik (Vanderbilt University)<br \/>\nAron Laszka (University of Houston)<br \/>\nDaniel Fabbri (Vanderbilt University)<br \/>\nBradley Malin (Vanderbilt University)<\/p>\n<h6>Polygraph: A Plug-n-Play Framework to Quantify Anomalies<\/h6>\n<p>Yazeed Alabdulkarim (University of Southern California)<br \/>\nMarwan Almaymoni (University of Southern California)<br \/>\nShahram Ghandeharizadeh (University of Southern California)<\/p>\n<h6>Labeled Graph Sketches<\/h6>\n<p>Chunyao Song (Nankai University)<br \/>\nTingjian Ge (University of Massachusetts (Lowell)<\/p>\n<h6>T-Crowd: Effective Crowdsourcing for Tabular Data<\/h6>\n<p>Caihua Shan (The University of Hong Kong)<br \/>\nNikos Mamoulis (University of Ioannina)<br \/>\nGuoliang Li (Tsinghua University)<br \/>\nReynold Cheng (University of Hong Kong)<br \/>\nZhipeng Huang (University of Hong Kong)<br \/>\nYudian Zheng (University of Hong Kong)<\/p>\n<h6>A Novel Framework for Constructing Partially Monotone Rule Ensembles<\/h6>\n<p>Christopher Bartley (University of Western Australia)<br \/>\nWei Liu (University of Western Australia)<br \/>\nMark Reynolds (University of Western Australia)<\/p>\n<h6>Querying Cohesive Subgraphs by Keywords<\/h6>\n<p>Yuanyuan Zhu (Wuhan University)<br \/>\nLu Qin (University of Technology Sidney)<br \/>\nLijun Chang (The University of Sydney)<br \/>\nJeffrey Xu Yu (Chinese University of Hong Kong)<\/p>\n<h6>On Efficiently Detecting Overlapping Communities over Distributed Dynamic Graphs<\/h6>\n<p>Xun Jian (Hong Kong University of Science and Technology)<br \/>\nXiang Lian (Kent State University)<br \/>\nLei Chen (Hong Kong University of Science and Technology)<\/p>\n<h6>Discovering Expert Drivers from Trajectories<\/h6>\n<p>Jiabao Sun (Soochow University)<br \/>\nJiajie Xu (Soochow University)<br \/>\nRui Zhou (Swinburne University of Technology)<br \/>\nKai Zheng (Big Data Research Center (University of Electronic Science and Technology of China)<br \/>\nChengfei Liu (Swinburne University of Technology)<\/p>\n<h6>Sharing Uncertain Graphs Using Syntactic Private Graph Models<\/h6>\n<p>Dongqing Xiao (Worcester Polytechnic Institute)<br \/>\nMohamed Y. Eltabakh (Worcester Polytechnic Institute)<br \/>\nXiangnan Kong (Worcester Polytechnic Institute)<\/p>\n<h6>Holistic influence maximization for targeted advertisements in spatial social networks<\/h6>\n<p>Jianxin Li (The University of Western Australia)<br \/>\nTaotao Cai (University of Western Australia)<br \/>\nAjmal Mian (University of Western Australia)<br \/>\nRong-Hua Li (Beijing Institute of Technology)<br \/>\nTimos Sellis (Swinburne University of Technology)<br \/>\nJeffrey Xu Yu (Chinese University of Hong Kong)<\/p>\n<h6>Match-Based Candidate Network Generation for Keyword Queries over Relational Databases<\/h6>\n<p>Pericles Oliveira (Nokia)<br \/>\nAltigran da Silva (Universidade Federal do Amazonas)<br \/>\nEdleno de Moura (Universidade Federal do Amazonas)<br \/>\nRosiane Rodrigues (Universidade Federal do Amazonas)<\/p>\n<h6>Detection and Delineation of Events and Sub-Events in Social Networks<\/h6>\n<p>Antonia Saravanou (National and Kapodistrian University of Athens)<br \/>\nIoannis Katakis (University of Nicosia)<br \/>\nGeorge Valkanas (Detectica)<br \/>\nDimitrios Gunopulos (National and Kapodistrian University of Athens)<\/p>\n<h6>Subjectively Interesting Subgroup Discovery on Real-valued Targets<\/h6>\n<p>Jefrey Lijffijt (Ghent University)<br \/>\nBo Kang (Ghent University)<br \/>\nWouter Duivesteijn (Eindhoven University of Technology)<br \/>\nKai Puolam\u00e4ki (Aalto University)<br \/>\nEmilia Oikarinen (Aalto University)<br \/>\nTijl De Bie (Ghent University)<\/p>\n<h6>ULISSE: ULtra compact Index for Variable-Length Similarity SEarch in Data Series<\/h6>\n<p>Michele Linardi (Paris Descartes University)<br \/>\nThemis Palpanas (Paris Descartes University)<\/p>\n<h6>Approximate Geospatial Joins with Precision Guarantees<\/h6>\n<p>Andreas Kipf (Technical University of Munich)<br \/>\nHarald Lang (Technical University of Munich)<br \/>\nVarun Pandey (Technical University of Munich)<br \/>\nRaul Alexandru Persa (Technical University of Munich)<br \/>\nPeter Boncz (Centrum Wiskunde &amp; Informatica)<br \/>\nThomas Neumann (Technical University of Munich)<br \/>\nAlfons Kemper (Technical University of Munich)<\/p>\n<h6>Ensemble Direct Density Ratio Estimation for Multistream Classification<\/h6>\n<p>Swarup Chandra (University of Texas at Dallas)<br \/>\nAhsanul Haque (University of Texas at Dallas)<br \/>\nHemeng Tao (University of Texas at Dallas)<br \/>\nLatifur Khan (University of Texas at Dallas)<br \/>\nJie Liu (University of Texas at Dallas)<br \/>\nCharu Aggarwal (IBM Research)<\/p>\n<h6>GraphZ: Improving the Performance of Large-Scale Graph Analytics on Small-Scale Machines<\/h6>\n<p>Zhixuan Zhou (The University of Chicago)<br \/>\nHenry (Hank) Hoffmann (The University of Chicago)<\/p>\n<h6>MGTag: a Multi-Dimensional Graph Labeling Scheme for Fast Reachability Queries<\/h6>\n<p>Shuang Zhou (Huazhong University of Science and Technology)<br \/>\nPingpeng Yuan (Huazhong University of Science and Technology)<br \/>\nLing Liu (Georgia Institute of Technology)<br \/>\nHai Jin (Huazhong University of Science and Technology)<\/p>\n<h6>On the Design of Adaptive and Speculative Concurrency Control in Distributed Databases<\/h6>\n<p>Qian Lin (National University of Singapore)<br \/>\nGang Chen (Zhejiang University)<br \/>\nMeihui Zhang (Beijing Institute of Technology)<\/p>\n<h6>On Configuring a Hierarchy of Storage Media in the Age of NVM<\/h6>\n<p>Shahram Ghandeharizadeh (University of Southern California)<br \/>\nSandy Irani (University of California, Irvine)<br \/>\nJenny Lam (San Jose State University)<\/p>\n<h6>Query and Resource Optimizations: A Case for Breaking the Wall in Big Data Systems<\/h6>\n<p>Alekh Jindal (Microsoft)<br \/>\nLalitha Viswanathan (Microsoft)<br \/>\nKonstantinos Karanasos (Microsoft)<\/p>\n<h6>Burstiness in Query Log: Web Search Analysis by Combining Global and Local Evidences<\/h6>\n<p>Chen Zhang (Shandong University of Finance and Economics, Hong Kong University of Science and Technology)<br \/>\nSen Zhang (Shandong University of Finance and Economics)<br \/>\nLei Chen (Hong Kong University of Science and Technology)<br \/>\nPeiguang Lin (Shandong University of Finance and Economics)<\/p>\n","protected":false},"excerpt":{"rendered":"<p>These papers will be presented as posters. Histogramming Privately Ever After: Differentially-Private Optimisation of Data-Dependent Error Bounds Maryam Fanaeepour (Duke University) Benjamin I. P. Rubinstein (University of Melbourne) Interactive Visual Data Exploration with Subjective Feedback: An Information-Theoretic Approach Kai Puolam\u00e4ki (Aalto University) Emilia Oikarinen (Aalto University) Bo Kang (Ghent University) Jefrey Lijffijt (Ghent University) Tijl &hellip; <a href=\"https:\/\/icde2018.aau.dk\/index.php\/short-papers\/\" class=\"more-link\">Continue reading<span class=\"screen-reader-text\"> &#8220;Short Papers&#8221;<\/span><\/a><\/p>\n","protected":false},"author":4,"featured_media":0,"parent":0,"menu_order":0,"comment_status":"closed","ping_status":"closed","template":"","meta":{"footnotes":""},"class_list":["post-1285","page","type-page","status-publish","hentry"],"_links":{"self":[{"href":"https:\/\/icde2018.aau.dk\/index.php\/wp-json\/wp\/v2\/pages\/1285","targetHints":{"allow":["GET"]}}],"collection":[{"href":"https:\/\/icde2018.aau.dk\/index.php\/wp-json\/wp\/v2\/pages"}],"about":[{"href":"https:\/\/icde2018.aau.dk\/index.php\/wp-json\/wp\/v2\/types\/page"}],"author":[{"embeddable":true,"href":"https:\/\/icde2018.aau.dk\/index.php\/wp-json\/wp\/v2\/users\/4"}],"replies":[{"embeddable":true,"href":"https:\/\/icde2018.aau.dk\/index.php\/wp-json\/wp\/v2\/comments?post=1285"}],"version-history":[{"count":17,"href":"https:\/\/icde2018.aau.dk\/index.php\/wp-json\/wp\/v2\/pages\/1285\/revisions"}],"predecessor-version":[{"id":1704,"href":"https:\/\/icde2018.aau.dk\/index.php\/wp-json\/wp\/v2\/pages\/1285\/revisions\/1704"}],"wp:attachment":[{"href":"https:\/\/icde2018.aau.dk\/index.php\/wp-json\/wp\/v2\/media?parent=1285"}],"curies":[{"name":"wp","href":"https:\/\/api.w.org\/{rel}","templated":true}]}}