{"id":121,"date":"2017-03-08T17:02:16","date_gmt":"2017-03-08T16:02:16","guid":{"rendered":"https:\/\/icde2018.aau.dk\/?page_id=121"},"modified":"2017-10-09T15:01:14","modified_gmt":"2017-10-09T14:01:14","slug":"icde-demo-pc","status":"publish","type":"page","link":"https:\/\/icde2018.aau.dk\/index.php\/welcome\/icde-demo-pc\/","title":{"rendered":"ICDE Demo PC"},"content":{"rendered":"<h2>Demo Chairs<\/h2>\n<table id=\"vicechairs\">\n<tr>\n<td style=\"width:35%;\">Chee-Yong Chan<\/td>\n<td>National University of Singapore<\/td>\n<\/tr>\n<tr>\n<td style=\"width:35%;\">Minos Garofalakis<\/td>\n<td>Technical University of Crete<\/td>\n<\/tr>\n<tr>\n<td style=\"width:35%;\">Christopher Re<\/td>\n<td>Stanford University<\/td>\n<\/tr>\n<\/table>\n<h2>Demo Track PC Members<\/h2>\n<table id=\"researchpc\">\n<tr>\n<td>Lisi Chen <\/td>\n<td>Hong Kong Baptist University, Hong Kong\n<\/td>\n<\/tr>\n<tr>\n<td>Theodore Dalamagas<\/td>\n<td>ATHENA Research Center, Greece\n<\/td>\n<\/tr>\n<tr>\n<td>Mohamed Y. Eltabakh<\/td>\n<td>Worcester Polytechnic Institute, USA\n<\/td>\n<\/tr>\n<tr>\n<td>Pascal Felber<\/td>\n<td>University of Neuchatel, Switzerland\n<\/td>\n<\/tr>\n<tr>\n<td>George H.L. Fletcher<\/td>\n<td>Eindhoven University of Technology, Netherlands\n<\/td>\n<\/tr>\n<tr>\n<td>Gabriel Ghinita<\/td>\n<td>University of Massachusetts Boston, USA\n<\/td>\n<\/tr>\n<tr>\n<td>Nikos Giatrakos<\/td>\n<td>Technical University of Crete, Greece\n<\/td>\n<\/tr>\n<tr>\n<td>Yeye He <\/td>\n<td>Microsoft Research, USA\n<\/td>\n<\/tr>\n<tr>\n<td>Haibo Hu <\/td>\n<td>Hong Kong Polytechnic University, Hong Kong\n<\/td>\n<\/tr>\n<tr>\n<td>Zbigniew Jerzak <\/td>\n<td>SAP, Germany\n<\/td>\n<\/tr>\n<tr>\n<td>Arijit Khan <\/td>\n<td>Nanyang Technological University, Singapore\n<\/td>\n<\/tr>\n<tr>\n<td>Nectarios Koziris <\/td>\n<td>National Technical University of Athens, Greece\n<\/td>\n<\/tr>\n<tr>\n<td>Chengkai Li <\/td>\n<td>University of Texas Arlington, USA\n<\/td>\n<\/tr>\n<tr>\n<td>Xiang Lian <\/td>\n<td>Kent State University, USA\n<\/td>\n<\/tr>\n<tr>\n<td>Odysseas Papapetrou <\/td>\n<td>\u00c9cole polytechnique f\u00e9d\u00e9rale de Lausanne, Switzerland\n<\/td>\n<\/tr>\n<tr>\n<td>Aditya Parameswaran <\/td>\n<td>University of Illinois Urbana-Champaign, USA\n<\/td>\n<\/tr>\n<tr>\n<td>Maya Ramanath <\/td>\n<td>IIT Delhi, India\n<\/td>\n<\/tr>\n<tr>\n<td>Etienne Riviere <\/td>\n<td>University Catholique de Louvain, Belgium\n<\/td>\n<\/tr>\n<tr>\n<td>Assaf Schuster<\/td>\n<td>Technion, Israel\n<\/td>\n<\/tr>\n<tr>\n<td>Nan Tang <\/td>\n<td>Qatar Computing Research Institute, Qatar\n<\/td>\n<\/tr>\n<tr>\n<td>Wei Wang <\/td>\n<td>National University of Singapore, Singapore\n<\/td>\n<\/tr>\n<tr>\n<td>Sai Wu <\/td>\n<td>Zhejiang University, China\n<\/td>\n<\/tr>\n<tr>\n<td>Yingjun Wu <\/td>\n<td>IBM Almaden Research, USA\n<\/td>\n<\/tr>\n<tr>\n<td>Nikolay Yakovets <\/td>\n<td>Eindhoven University of Technology, Netherlands\n<\/td>\n<\/tr>\n<tr>\n<td>Dongxiang Zhang <\/td>\n<td>University of Electronic Science and Technology of China, China\n<\/td>\n<\/tr>\n<tr>\n<td>Wenchao Zhou <\/td>\n<td>Georgetown University, USA\n<\/td>\n<\/tr>\n<tr>\n<td>Yongluan Zhou <\/td>\n<td>University of Copenhagen, Denmark<\/td>\n<\/tr>\n<\/table>\n","protected":false},"excerpt":{"rendered":"<p>Demo Chairs Chee-Yong Chan National University of Singapore Minos Garofalakis Technical University of Crete Christopher Re Stanford University Demo Track PC Members Lisi Chen Hong Kong Baptist University, Hong Kong Theodore Dalamagas ATHENA Research Center, Greece Mohamed Y. Eltabakh Worcester Polytechnic Institute, USA Pascal Felber University of Neuchatel, Switzerland George H.L. Fletcher Eindhoven University of &hellip; <a href=\"https:\/\/icde2018.aau.dk\/index.php\/welcome\/icde-demo-pc\/\" class=\"more-link\">Continue reading<span class=\"screen-reader-text\"> &#8220;ICDE Demo PC&#8221;<\/span><\/a><\/p>\n","protected":false},"author":4,"featured_media":0,"parent":30,"menu_order":5,"comment_status":"closed","ping_status":"closed","template":"","meta":{"footnotes":""},"class_list":["post-121","page","type-page","status-publish","hentry"],"_links":{"self":[{"href":"https:\/\/icde2018.aau.dk\/index.php\/wp-json\/wp\/v2\/pages\/121","targetHints":{"allow":["GET"]}}],"collection":[{"href":"https:\/\/icde2018.aau.dk\/index.php\/wp-json\/wp\/v2\/pages"}],"about":[{"href":"https:\/\/icde2018.aau.dk\/index.php\/wp-json\/wp\/v2\/types\/page"}],"author":[{"embeddable":true,"href":"https:\/\/icde2018.aau.dk\/index.php\/wp-json\/wp\/v2\/users\/4"}],"replies":[{"embeddable":true,"href":"https:\/\/icde2018.aau.dk\/index.php\/wp-json\/wp\/v2\/comments?post=121"}],"version-history":[{"count":14,"href":"https:\/\/icde2018.aau.dk\/index.php\/wp-json\/wp\/v2\/pages\/121\/revisions"}],"predecessor-version":[{"id":891,"href":"https:\/\/icde2018.aau.dk\/index.php\/wp-json\/wp\/v2\/pages\/121\/revisions\/891"}],"up":[{"embeddable":true,"href":"https:\/\/icde2018.aau.dk\/index.php\/wp-json\/wp\/v2\/pages\/30"}],"wp:attachment":[{"href":"https:\/\/icde2018.aau.dk\/index.php\/wp-json\/wp\/v2\/media?parent=121"}],"curies":[{"name":"wp","href":"https:\/\/api.w.org\/{rel}","templated":true}]}}